{"id":983,"date":"2022-02-11T15:49:48","date_gmt":"2022-02-11T14:49:48","guid":{"rendered":"https:\/\/schuetzenverein.silvercom.de\/website\/?page_id=983"},"modified":"2025-02-09T10:58:04","modified_gmt":"2025-02-09T09:58:04","slug":"satzung","status":"publish","type":"page","link":"https:\/\/schuetzenverein-glehn.de\/?page_id=983","title":{"rendered":"Satzung"},"content":{"rendered":"<p><div class=\"fusion-fullwidth fullwidth-box fusion-builder-row-1 fusion-flex-container nonhundred-percent-fullwidth non-hundred-percent-height-scrolling\" style=\"--awb-border-radius-top-left:0px;--awb-border-radius-top-right:0px;--awb-border-radius-bottom-right:0px;--awb-border-radius-bottom-left:0px;--awb-flex-wrap:wrap;\" ><div class=\"fusion-builder-row fusion-row fusion-flex-align-items-flex-start fusion-flex-content-wrap\" style=\"max-width:1248px;margin-left: calc(-4% \/ 2 );margin-right: calc(-4% \/ 2 );\"><div class=\"fusion-layout-column fusion_builder_column fusion-builder-column-0 fusion_builder_column_1_1 1_1 fusion-flex-column\" style=\"--awb-bg-size:cover;--awb-width-large:100%;--awb-margin-top-large:0px;--awb-spacing-right-large:1.92%;--awb-margin-bottom-large:20px;--awb-spacing-left-large:1.92%;--awb-width-medium:100%;--awb-order-medium:0;--awb-spacing-right-medium:1.92%;--awb-spacing-left-medium:1.92%;--awb-width-small:100%;--awb-order-small:0;--awb-spacing-right-small:1.92%;--awb-spacing-left-small:1.92%;\"><div class=\"fusion-column-wrapper fusion-column-has-shadow fusion-flex-justify-content-flex-start fusion-content-layout-column\"><div class=\"fusion-title title fusion-title-1 fusion-sep-none fusion-title-text fusion-title-size-one\" style=\"--awb-margin-top-small:10px;--awb-margin-right-small:0px;--awb-margin-bottom-small:10px;--awb-margin-left-small:0px;\"><h1 class=\"fusion-title-heading title-heading-left\" style=\"margin:0;\"><p>Satzung des Sch\u00fctzenvereins Glehn e.V.<br \/>\nGEGR\u00dcNDET 1887<\/p><\/h1><\/div><\/div><\/div><\/div><\/div><div class=\"fusion-fullwidth fullwidth-box fusion-builder-row-2 fusion-flex-container nonhundred-percent-fullwidth non-hundred-percent-height-scrolling\" style=\"--awb-border-radius-top-left:0px;--awb-border-radius-top-right:0px;--awb-border-radius-bottom-right:0px;--awb-border-radius-bottom-left:0px;--awb-flex-wrap:wrap;\" ><div class=\"fusion-builder-row fusion-row fusion-flex-align-items-flex-start fusion-flex-content-wrap\" style=\"max-width:1248px;margin-left: calc(-4% \/ 2 );margin-right: calc(-4% \/ 2 );\"><div class=\"fusion-layout-column fusion_builder_column fusion-builder-column-1 fusion_builder_column_1_1 1_1 fusion-flex-column\" style=\"--awb-bg-size:cover;--awb-width-large:100%;--awb-margin-top-large:0px;--awb-spacing-right-large:1.92%;--awb-margin-bottom-large:20px;--awb-spacing-left-large:1.92%;--awb-width-medium:100%;--awb-order-medium:0;--awb-spacing-right-medium:1.92%;--awb-spacing-left-medium:1.92%;--awb-width-small:100%;--awb-order-small:0;--awb-spacing-right-small:1.92%;--awb-spacing-left-small:1.92%;\"><div class=\"fusion-column-wrapper fusion-column-has-shadow fusion-flex-justify-content-flex-start fusion-content-layout-column\"><div class=\"fusion-text fusion-text-1\" style=\"--awb-text-transform:none;\"><p>Inhalts\u00fcbersicht<\/p>\n<p>\u00a7 1 Name und Sitz<\/p>\n<p>\u00a7 2 Aufgabe<\/p>\n<p>\u00a7 3 Zweck<\/p>\n<p>\u00a7 4 Mitgliedschaft<\/p>\n<p>\u00a7 5 Erl\u00f6schen der Mitgliedschaft<\/p>\n<p>\u00a7 6 Rechte und Pflichten der Mitglieder<\/p>\n<p>\u00a7 7 Mitgliedsbeitrag<\/p>\n<p>\u00a7 8 Mitgliederversammlung<\/p>\n<p>\u00a7 9 Aufgaben der Mitgliederversammlung<\/p>\n<p>\u00a7 10 Vorstand<\/p>\n<p>\u00a7 11 Aufgaben des Vorstandes<\/p>\n<p>\u00a7 12 Kassenpr\u00fcfung<\/p>\n<p>\u00a7 13 Satzungs\u00e4nderung<\/p>\n<p>\u00a7 14 Aufl\u00f6sung des Vereins<\/p>\n<p>\u00a7 15 Inkrafttreten der Satzung<\/p>\n<\/div><\/div><\/div><\/div><\/div><div class=\"fusion-fullwidth fullwidth-box fusion-builder-row-3 fusion-flex-container nonhundred-percent-fullwidth non-hundred-percent-height-scrolling\" style=\"--awb-border-radius-top-left:0px;--awb-border-radius-top-right:0px;--awb-border-radius-bottom-right:0px;--awb-border-radius-bottom-left:0px;--awb-flex-wrap:wrap;\" ><div class=\"fusion-builder-row fusion-row fusion-flex-align-items-flex-start fusion-flex-content-wrap\" style=\"max-width:1248px;margin-left: calc(-4% \/ 2 );margin-right: calc(-4% \/ 2 );\"><div class=\"fusion-layout-column fusion_builder_column fusion-builder-column-2 fusion_builder_column_1_1 1_1 fusion-flex-column\" style=\"--awb-bg-size:cover;--awb-width-large:100%;--awb-margin-top-large:0px;--awb-spacing-right-large:1.92%;--awb-margin-bottom-large:20px;--awb-spacing-left-large:1.92%;--awb-width-medium:100%;--awb-order-medium:0;--awb-spacing-right-medium:1.92%;--awb-spacing-left-medium:1.92%;--awb-width-small:100%;--awb-order-small:0;--awb-spacing-right-small:1.92%;--awb-spacing-left-small:1.92%;\"><div class=\"fusion-column-wrapper fusion-column-has-shadow fusion-flex-justify-content-flex-start fusion-content-layout-column\"><div class=\"fusion-text fusion-text-2\" style=\"--awb-text-transform:none;\"><p>\u00a7 1<br \/>\nName und Sitz<\/p>\n<p>1) Der Verein f\u00fchrt den Namen \u201eSch\u00fctzenverein Glehn e.V.\u201c und hat seinen Sitz in Korschenbroich \u2013 Glehn.<\/p>\n<p>\u00a7 2<br \/>\nAufgabe<\/p>\n<p>1) Der Verein ist parteipolitisch und konfessionell unabh\u00e4ngig.<\/p>\n<p>2) Der Verein ist dem traditionellen Brauchtum verpflichtet, ihm obliegt die Aufgabe, sich f\u00fcr die Ideale<\/p>\n<p>\u201eGlaube \u2013 Sitte \u2013 Heimat\u201c<\/p>\n<p>einzusetzen, so wie es die Vorfahren getan haben. Durch Aus\u00fcbung und Pflege der alten Sitten und Gebr\u00e4uche sollen die Liebe zur Heimat und das Zusammengeh\u00f6rigkeitsgef\u00fchl in der Dorfgemeinschaft gest\u00e4rkt und gefestigt werden.<\/p>\n<p>\u00a7 3<br \/>\nZweck<\/p>\n<p>1) Der Sch\u00fctzenverein Glehn e.V. ist Tr\u00e4ger des Sch\u00fctzenfestes, welches j\u00e4hrlich am 1. Sonntag im September stattfindet. Bei dieser Gelegenheit feiert der Verein sein Sch\u00fctzen- und Heimatfest, bestehend aus \u00f6ffentlichen Aufz\u00fcgen und Geselligkeitsveranstaltungen.<br \/>\n2) Der Verein verfolgt ausschlie\u00dflich und unmittelbar gemeinn\u00fctzige Zwecke im Sinne des Abschnitts \u201eSteuerbeg\u00fcnstigte Zwecke\u201c der Abgabenordnung. Zweck des Vereins ist die F\u00f6rderung des traditionellen Brauchtums. Dieser Zweck wird insbesondere verwirklicht durch die Durchf\u00fchrung des Sch\u00fctzen- und Heimatfestes.<br \/>\n3) Der Verein ist selbstlos t\u00e4tig, er verfolgt nicht in erster Linie eigenwirtschaftliche Zwecke.<\/p>\n<p>4) Die Mittel des Vereins d\u00fcrfen nur f\u00fcr die satzungsm\u00e4\u00dfigen Zwecke verwendet werden. Die Mitglieder erhalten keine Zuwendungen aus Vereinsmitteln.<\/p>\n<p>5) Es darf keine Person durch Ausgaben, die dem Zweck des Vereins fremd sind, beg\u00fcnstigt werden.<\/p>\n<p>\u00a7 4<br \/>\nMitgliedschaft<\/p>\n<p>1) Der Verein f\u00fchrt:<\/p>\n<p>a) aktive Mitglieder<br \/>\nb) Ehrenmitglieder<br \/>\nc) passive Mitglieder<\/p>\n<p>2) Mitglied kann jeder m\u00e4nnliche B\u00fcrger sowie ehemalige B\u00fcrger der Ortschaften Glehn, Epsendorf, Scherfhausen und Schlich werden, der das 16. Lebensjahr bis zum Sch\u00fctzenfest vollendet hat.<\/p>\n<p>3) \u00dcber die Aufnahme von Ausw\u00e4rtigen, die die gleichen Voraussetzungen erf\u00fcllen, entscheidet der Vorstand.<\/p>\n<p>4) Die Mitgliedschaft beginnt mit dem Eingang des pers\u00f6nlich unterschriebenen Anmeldeformulars.<\/p>\n<p>5) Mitglieder, die sich besondere Verdienste um die Ziele des Vereins erworben haben, k\u00f6nnen auf Vorschlag des Vorstandes durch die Mitgliederversammlung mit 2 \/ 3 Mehrheit der abgegebenen Stimmen zu Ehrenmitgliedern ernannt werden.<\/p>\n<p>\u00a7 5<br \/>\nErl\u00f6schen der Mitgliedschaft<\/p>\n<p>1) Die Mitgliedschaft erlischt mit sofortiger Wirkung:<\/p>\n<p>a) durch Austritt<br \/>\nb) durch Tod<br \/>\nc) durch Ausschluss<\/p>\n<p>Bereits entrichtete Mitgliedsbeitr\u00e4ge verbleiben beim Sch\u00fctzenverein und werden nicht (auch nicht anteilig) erstattet.<\/p>\n<p>2) Der Austritt ist dem Vorstand durch das Mitglied bis zum Ende des Sch\u00fctzenjahres schriftlich mitzuteilen.<\/p>\n<p>3) Der Tod des Mitgliedes ist vom Zugf\u00fchrer dem Vorstand sofort zu melden.<\/p>\n<p>4) Verliert ein Mitglied infolge einer Straftat seine Amtsf\u00e4higkeit, die W\u00e4hlbarkeit oder sein Stimmrecht, so verliert es damit automatisch die Mitgliedschaft.<\/p>\n<p>5) Bei Vorliegen eines wichtigen Grundes, insbesondere bei Versto\u00df gegen die satzungsm\u00e4\u00dfigen Pflichten, kann der Vorstand nach sorgf\u00e4ltiger Untersuchung den Ausschluss eines Mitgliedes oder einer Gruppe von Mitgliedern mit einfacher Mehrheit beschlie\u00dfen.<br \/>\nVor der Beschlussfassung ist dem Mitglied oder der Gruppe Geh\u00f6r zu gew\u00e4hren. Der Beschluss \u00fcber den Ausschluss ist dem Mitglied bzw. dem Zugf\u00fchrer durch eingeschriebenen Brief mitzuteilen.<br \/>\nBetroffene haben das Recht, innerhalb eines Monats nach Zugang des eingeschriebenen Briefes in einem an den Vorstand gerichteten, begr\u00fcndeten Schriftsatz die \u00dcberpr\u00fcfung der Entscheidung zu verlangen.<br \/>\nDer Vorstand ist verpflichtet, innerhalb von 4 Wochen nach Eingang des Schreibens mit dem jeweiligen Korpsf\u00fchrer den Fall zu er\u00f6rtern, wobei auf Verlangen des Korpsf\u00fchrers der\/ die Betroffene(n) in dieser Versammlung geh\u00f6rt werden muss\/ m\u00fcssen. Innerhalb einer Woche nach der Er\u00f6rterung mit dem Korpsf\u00fchrer entscheidet der Vorstand.<\/p>\n<p>Bei Vorliegen einer einfachen Mehrheit ist der Ausschluss endg\u00fcltig!<\/p>\n<p>\u00a7 6<br \/>\nRechte und Pflichten der Mitglieder<\/p>\n<p>1) Die Mitglieder m\u00fcssen bestrebt sein, am Wohl und Gedeihen des Vereins mitzuarbeiten, den Vorstand in seinen Arbeiten zu unterst\u00fctzen und in echter Kameradschaft treu zum Verein zu stehen.<\/p>\n<p>2) Sie sind verpflichtet, die Satzung und die gefassten Beschl\u00fcsse und Anweisungen zu beachten.<\/p>\n<p>3) Bei Vollendung einer 25-, 40-, 50- oder 60-j\u00e4hrigen aktiven Mitgliedschaft wird das Mitglied vom Verein geehrt.<\/p>\n<p>Mitgliedschaften ab dem 16. Lebensjahr (siehe auch \u00a7 4, Abs. 2) in ausw\u00e4rtigen Sch\u00fctzenvereinen und Bruderschaften, werden bei Vorlage eines entsprechenden Nachweises angerechnet.<\/p>\n<p>4) Beim Tod eines aktiven Mitgliedes oder Ehrenmitgliedes nimmt der Verein mit einer Fahnenabordnung an der Beerdigung teil.<\/p>\n<p>\u00a7 7<br \/>\nMitgliedsbeitrag<\/p>\n<p>1) Der Mitgliedsbeitrag der aktiven und passiven Mitglieder richtet sich jeweils nach den wirtschaftlichen Verh\u00e4ltnissen des Vereins und ist sp\u00e4testens 3 Wochen vor dem Sch\u00fctzenfest an die Vereinskasse zu zahlen.<\/p>\n<p>2) Die Festsetzung f\u00fcr die aktiven Mitglieder erfolgt durch Mehrheitsbeschluss der Mitgliederversammlung, f\u00fcr die passiven Mitglieder durch Mehrheitsbeschluss des Vorstandes.<\/p>\n<p>\u00a7 8<br \/>\nMitgliederversammlung<\/p>\n<p>1) Im Sch\u00fctzenfestjahr sind 3 Mitgliederversammlungen einzuberufen, und zwar<\/p>\n<p>a) die erste Versammlung verbunden mit dem Oberstehrenabend 6 Wochen vor dem Sch\u00fctzenfest<\/p>\n<p>b) die zweite Versammlung verbunden mit dem K\u00f6nigsehrenabend 3 Wochen vor dem Fest und<\/p>\n<p>c) die Abrechnungsversammlung 4 bis 10 Wochen nach dem Sch\u00fctzenfest.<\/p>\n<p>2) Die Mitgliederversammlungen sind mindestens 7 Wochentage vorher schriftlich mit der Tagesordnung bekannt zu geben. Die Aufnahme zus\u00e4tzlicher Tagesordnungspunkte, ist bis sp\u00e4testens 2 Wochentage vor der Versammlung m\u00f6glich.<br \/>\nJede ordnungsgem\u00e4\u00df eingeladene Versammlung ist beschlussf\u00e4hig.<\/p>\n<p>3) Falls ein Drittel der aktiven Mitglieder es schriftlich beantragt oder auf Verlangen der Mehrheit des Vorstandes, hat der Pr\u00e4sident eine au\u00dferordentliche Mitgliederversammlung einzuberufen.<\/p>\n<p>4) Nur aktive Mitglieder sind bei den Abstimmungen stimmberechtigt. Ehrenmitglieder und Mitglieder mit Sonderstatus (rote Mitgliedskarte) haben den Status aktiver Mitglieder.<\/p>\n<p>5) Bei Abstimmungen werden ausschlie\u00dflich die abgegebenen Stimmen der stimmberechtigten Mitglieder gewertet. Die Zahl der anwesenden Mitglieder bleibt unber\u00fccksichtigt.<\/p>\n<p>\u00a7 9<br \/>\nAufgaben der Mitgliederversammlung<\/p>\n<p>1) Die erste und zweite Mitgliederversammlung dienen der Vorbereitung des Sch\u00fctzenfestes.<\/p>\n<p>2) Die Mitglieder nehmen j\u00e4hrlich auf der Abrechnungsversammlung<br \/>\na) den Jahresbericht des Pr\u00e4sidenten<br \/>\nb) den Kassenbericht des Schatzmeisters<br \/>\nc) den Pr\u00fcfbericht der gew\u00e4hlten Kassenpr\u00fcfer<br \/>\nentgegen.<\/p>\n<p>3) Die Mitgliederversammlung beschlie\u00dft &#8211; in der Regel per Handzeichen, nur auf Antrag eines Mitgliedes per Stimmzettel &#8211; \u00fcber:<br \/>\na) Neuwahl des Vorstandes &#8211; \u00a7 10<br \/>\nb) Festsetzung des Beitrages f\u00fcr aktive Sch\u00fctzen &#8211; \u00a7 7.2<br \/>\nc) Entlastung des Vorstandes<br \/>\nd) Ernennung von Ehrenmitgliedern &#8211; \u00a7 4 Abs. 5<br \/>\ne) Satzungs\u00e4nderungen &#8211; \u00a7 13<br \/>\nf) Aufl\u00f6sung des Vereins &#8211; \u00a7 14<br \/>\ng) Sonstige an die Mitgliederversammlung gerichtete Antr\u00e4ge<\/p>\n<p>4) Bei jeder Beschlussfassung &#8211; mit Ausnahme der Beschl\u00fcsse zu \u00a7 4 Abs. 5 und \u00a7 13 &#8211; gen\u00fcgt die einfache<br \/>\nStimmenmehrheit der abgegebenen Stimmen; Stimmengleichheit gilt als Ablehnung.<\/p>\n<p>5) \u00dcber den Verlauf der Versammlungen sind Niederschriften zu fertigen, die vom Pr\u00e4sidenten und dem Schriftf\u00fchrer bzw. ihren Stellvertretern zu unterzeichnen sind.<\/p>\n<p>\u00a7 10<br \/>\nVorstand<\/p>\n<p>1) Der Vorstand f\u00fchrt die laufenden Gesch\u00e4fte des Vereins. Seine T\u00e4tigkeit ist ehrenamtlich.<\/p>\n<p>2) Der Vorstand arbeitet:<\/p>\n<p>a) Als Gesamtvorstand: bestehend aus dem Pr\u00e4sidenten, dem Vizepr\u00e4sidenten, dem 1. Schriftf\u00fchrer und seinem Stellvertreter, dem 1. Schatzmeister und seinem Stellvertreter und 4 Beisitzern<\/p>\n<p>b) Vorstand im Sinne des \u00a7 26 BGB sind der Pr\u00e4sident, der Vizepr\u00e4sident, der 1. Schriftf\u00fchrer und der 1. Schatzmeister.<br \/>\nHiervon sind jeweils zwei zur Vertretung des Vereins bei Rechtsgesch\u00e4ften berechtigt.<\/p>\n<p>3) Jedes Vorstandsmitglied wird &#8211; jeder von ihnen einzeln f\u00fcr sein Amt &#8211; von der Mitgliederversammlung f\u00fcr die Dauer von 3 Jahren mit der Ma\u00dfgabe gew\u00e4hlt, dass es bis zur satzungsgem\u00e4\u00dfen Bestellung des n\u00e4chsten Vorstandes im Amt bleibt.<br \/>\nNach 3 Jahren scheide(t)n jeweils ein Mitglied bzw. 2 Mitglieder des gesch\u00e4ftsf\u00fchrenden Vorstandes und zwei bzw. einer der weiteren Vorstandsmitglieder turnusm\u00e4\u00dfig aus und k\u00f6nnen wieder gew\u00e4hlt werden.<\/p>\n<p>\u00a7 11<br \/>\nAufgaben des Vorstandes<\/p>\n<p>1) Der Vorstand vertritt die Interessen des Vereins und ist f\u00fcr die Gestaltung und Durchf\u00fchrung des Sch\u00fctzenfestes verantwortlich.<\/p>\n<p>2) Der Vorstand beschlie\u00dft \u00fcber:<br \/>\na) die Aufnahme von Ausw\u00e4rtigen in den Verein &#8211; \u00a7 4 Abs.3<br \/>\nb) die H\u00f6he des von passiven Mitgliedern zu zahlenden Beitrages &#8211; \u00a7 7 Abs.2<\/p>\n<p>3) Vertretung des Vereins gem\u00e4\u00df \u00a7 26 BGB in finanziellen Angelegenheiten, Rechtsgesch\u00e4ften und Streitverfahren jeweils durch zwei Mitglieder des gesch\u00e4ftsf\u00fchrenden Vorstandes.<\/p>\n<p>4) Der Pr\u00e4sident ist der Repr\u00e4sentant des Sch\u00fctzenvereins.<\/p>\n<p>Er l\u00e4dt ein zu den<br \/>\na) Vorstandssitzungen<br \/>\nb) Mitgliederversammlungen<br \/>\nc) Festlichkeiten<br \/>\nund leitet diese.<\/p>\n<p>5) Die Einladungen zu den Sitzungen und Versammlungen m\u00fcssen schriftlich erfolgen. Die Teilnahme der Vorstandsmitglieder ist Pflicht.<\/p>\n<p>6) Der Vorstand ist bei Anwesenheit von 7 Mitgliedern beschlussf\u00e4hig. Alle Beschl\u00fcsse werden mit einfacher Mehrheit gefasst.<\/p>\n<p>7) Die Schatzmeister verwalten das Verm\u00f6gen des Sch\u00fctzenvereins. Sie ziehen die Beitr\u00e4ge ein, nehmen Spenden und sonstige Einzahlungen entgegen und leisten die vom Vorstand bewilligten Ausgaben. \u00dcber die Einnahmen und Ausgaben haben sie genau Buch zu f\u00fchren. Auf Verlangen des Vorstandes haben sie diesem zu jeder Zeit Aufschluss \u00fcber die Kassenverh\u00e4ltnisse zu geben.<br \/>\nDas Barverm\u00f6gen ist so anzulegen, dass die laufenden Kassengesch\u00e4fte reibungslos erledigt werden k\u00f6nnen.<\/p>\n<p>8) Auf der Abrechnungsversammlung hat der 1.Schatzmeister einen ausf\u00fchrlichen Kassenbericht zu geben, damit ihm und dem \u00fcbrigen Vorstand auf Vorschlag der Kassenpr\u00fcfer von der Mitgliederversammlung Entlastung erteilt werden kann.<\/p>\n<p>9) Die Schriftf\u00fchrer erledigen die schriftlichen Arbeiten des Sch\u00fctzenvereins. Sie fertigen die Niederschriften \u00fcber die Sitzungen, Versammlungen und Veranstaltungen in einfacher Form als Ergebnisprotokolle.<\/p>\n<p>10) Die Beisitzer haben die \u00fcbrigen Vorstandsmitglieder bei der Durchf\u00fchrung ihrer Aufgaben zu unterst\u00fctzen und k\u00f6nnen auf Beschluss des Vorstandes mit der Durchf\u00fchrung besonderer Aufgaben betraut werden.<\/p>\n<p>11) Der Vorstand hat f\u00fcr Versicherungsschutz f\u00fcr die Veranstaltungen des Vereins zu sorgen.<\/p>\n<p>\u00a7 12<br \/>\nKassenpr\u00fcfung<\/p>\n<p>1) Zwei Kassenpr\u00fcfer werden von der Zugf\u00fchrerversammlung f\u00fcr ein Jahr gew\u00e4hlt, sie d\u00fcrfen nicht Mitglieder des Vorstandes sein.<\/p>\n<p>2) Sie haben die Kassenunterlagen und den Jahresabschluss zu pr\u00fcfen und das Ergebnis der Pr\u00fcfung den Mitgliedern auf der Abrechnungsversammlung bekannt zu geben.<\/p>\n<p>3) Die Kassenpr\u00fcfer k\u00f6nnen nach 5 Jahren nochmals gew\u00e4hlt werden.<\/p>\n<p>\u00a7 13<br \/>\nSatzungs\u00e4nderung<\/p>\n<p>Eine \u00c4nderung dieser Satzung kann von der Mitgliederversammlung mit Zwei-Drittel-Mehrheit der abgegebenen Stimmen beschlossen werden.<\/p>\n<p>\u00a7 14<br \/>\nAufl\u00f6sung des Vereins<\/p>\n<p>1) Eine Aufl\u00f6sung des Vereins kann solange nicht erfolgen, als noch 10 v.H. der Mitglieder sich an diese Satzung gebunden halten.<br \/>\n2) Sollten sich weniger als 10 v.H. der Mitglieder zusammenfinden, so dass der Verein aufgel\u00f6st wird, so f\u00e4llt das gesamte Barverm\u00f6gen je zur H\u00e4lfte an die katholische und evangelische Kirchengemeinde in Glehn, die es ausschlie\u00dflich f\u00fcr karitative Zwecke einsetzen m\u00fcssen. Das \u00fcbrige Verm\u00f6gen (K\u00f6nigssilber, Vereinsfahnen usw.) wird ihnen zur treuh\u00e4nderischen Verwaltung \u00fcbertragen.<\/p>\n<p>\u00a7 15<br \/>\nInkrafttreten der Satzung<\/p>\n<p>1) Diese Satzung wurde in der Mitgliederversammlung am 25. Juli 2009 genehmigt.<\/p>\n<p>2) Mit der Genehmigung verlieren alle fr\u00fcheren Satzungen ihre G\u00fcltigkeit.<\/p>\n<p>3) Die Bestimmungen im \u00a7 1.2 (entf\u00e4llt), 3.1, 3.2, 4.2, 4.4, 4.5, 5.1, 5.4, 5.5, 6.3, 8.2, 8.4, 9.4 sowie mit Erg\u00e4nzung des \u00a7 3.1, 3.2 (3.3, 3.4, 3.5 ehemals 3.1, 3.2., 3.3) sowie 8.5, wurden durch Beschluss der Mitgliederversammlung am 21.Oktober 2016 ge\u00e4ndert und sind am gleichen Tage in Kraft getreten.<\/p>\n<p>Zuletzt ge\u00e4ndert 18.Oktober 2019<\/p>\n<\/div><\/div><\/div><\/div><\/div><div class=\"fusion-fullwidth fullwidth-box fusion-builder-row-4 fusion-flex-container nonhundred-percent-fullwidth non-hundred-percent-height-scrolling\" style=\"--awb-border-radius-top-left:0px;--awb-border-radius-top-right:0px;--awb-border-radius-bottom-right:0px;--awb-border-radius-bottom-left:0px;--awb-flex-wrap:wrap;\" ><div class=\"fusion-builder-row fusion-row fusion-flex-align-items-flex-start fusion-flex-content-wrap\" style=\"max-width:1248px;margin-left: calc(-4% \/ 2 );margin-right: calc(-4% \/ 2 );\"><div class=\"fusion-layout-column fusion_builder_column fusion-builder-column-3 fusion_builder_column_1_1 1_1 fusion-flex-column\" style=\"--awb-bg-size:cover;--awb-width-large:100%;--awb-margin-top-large:0px;--awb-spacing-right-large:1.92%;--awb-margin-bottom-large:20px;--awb-spacing-left-large:1.92%;--awb-width-medium:100%;--awb-order-medium:0;--awb-spacing-right-medium:1.92%;--awb-spacing-left-medium:1.92%;--awb-width-small:100%;--awb-order-small:0;--awb-spacing-right-small:1.92%;--awb-spacing-left-small:1.92%;\"><div class=\"fusion-column-wrapper fusion-column-has-shadow fusion-flex-justify-content-flex-start fusion-content-layout-column\"><\/div><\/div><\/div><\/div><\/p>\n","protected":false},"excerpt":{"rendered":"","protected":false},"author":1,"featured_media":0,"parent":0,"menu_order":0,"comment_status":"closed","ping_status":"closed","template":"","meta":{"footnotes":""},"class_list":["post-983","page","type-page","status-publish","hentry"],"_links":{"self":[{"href":"https:\/\/schuetzenverein-glehn.de\/index.php?rest_route=\/wp\/v2\/pages\/983","targetHints":{"allow":["GET"]}}],"collection":[{"href":"https:\/\/schuetzenverein-glehn.de\/index.php?rest_route=\/wp\/v2\/pages"}],"about":[{"href":"https:\/\/schuetzenverein-glehn.de\/index.php?rest_route=\/wp\/v2\/types\/page"}],"author":[{"embeddable":true,"href":"https:\/\/schuetzenverein-glehn.de\/index.php?rest_route=\/wp\/v2\/users\/1"}],"replies":[{"embeddable":true,"href":"https:\/\/schuetzenverein-glehn.de\/index.php?rest_route=%2Fwp%2Fv2%2Fcomments&post=983"}],"version-history":[{"count":9,"href":"https:\/\/schuetzenverein-glehn.de\/index.php?rest_route=\/wp\/v2\/pages\/983\/revisions"}],"predecessor-version":[{"id":2864,"href":"https:\/\/schuetzenverein-glehn.de\/index.php?rest_route=\/wp\/v2\/pages\/983\/revisions\/2864"}],"wp:attachment":[{"href":"https:\/\/schuetzenverein-glehn.de\/index.php?rest_route=%2Fwp%2Fv2%2Fmedia&parent=983"}],"curies":[{"name":"wp","href":"https:\/\/api.w.org\/{rel}","templated":true}]}}